{"id":7,"date":"2013-06-06T20:52:08","date_gmt":"2013-06-06T20:52:08","guid":{"rendered":"http:\/\/www.bip.eutamogatas.org.hu\/?page_id=7"},"modified":"2013-06-07T13:28:18","modified_gmt":"2013-06-07T13:28:18","slug":"a-tamogatas","status":"publish","type":"page","link":"http:\/\/www.bip.eutamogatas.org.hu\/?page_id=7","title":{"rendered":"A t\u00e1mogat\u00e1s"},"content":{"rendered":"<p><strong>Projekt megnevez\u00e9se:<\/strong> B\u00e1tonyterenye ipari ter\u00fclet alapinfrastrukt\u00far\u00e1lis fejleszt\u00e9se \u00e9s termel\u0151 tev\u00e9kenys\u00e9ghez kapcsol\u00f3d\u00f3 \u00fczemcsarnok \u00e9p\u00edt\u00e9se<\/p>\n<p><strong>Kedvezm\u00e9nyezett:<\/strong> B\u00e1tonyterenyei Ipari Park Kft.<\/p>\n<p><strong>Szerz\u0151d\u00e9s hat\u00e1lyba l\u00e9p\u00e9s\u00e9nek d\u00e1tuma:<\/strong> 2011.09.30<\/p>\n<p><strong>Konstrukci\u00f3 sz\u00e1ma:<\/strong> \u00c9MOP-1.1.1\/G-09<\/p>\n<p><strong>A projekt azonos\u00edt\u00f3 sz\u00e1ma:<\/strong> \u00c9MOP-1.1.1\/G-09-2010-0028<\/p>\n<p><strong>T\u00e1mogat\u00e1s \u00f6sszege:<\/strong> 454 009 450 Ft<\/p>\n<p><strong>A projekt elsz\u00e1molhat\u00f3 k\u00f6lts\u00e9ge:<\/strong> 930 537 766 Ft<\/p>\n<p><strong>Projekt id\u0151tartama (tervezett):<\/strong> 2011.07.04-2013.07.03<\/p>\n<p><strong>K\u00f6zrem\u0171k\u00f6d\u0151 szervezet:<\/strong> <a href=\"http:\/\/www.norda.hu\/\" target=\"_blank\">NORDA \u00c9szak Magyarorsz\u00e1gi Region\u00e1lis Fejleszt\u00e9si \u00dcgyn\u00f6ks\u00e9g<\/a><\/p>\n<p><a href=\"http:\/\/www.nfu.hu\/\" target=\"_blank\"><img loading=\"lazy\" class=\"alignleft  wp-image-15\" alt=\"logo\" src=\"http:\/\/www.bip.eutamogatas.org.hu\/wp-content\/uploads\/2013\/06\/logo.jpg\" width=\"127\" height=\"125\" \/><\/a><\/p>\n","protected":false},"excerpt":{"rendered":"<p>Projekt megnevez\u00e9se: B\u00e1tonyterenye ipari ter\u00fclet alapinfrastrukt\u00far\u00e1lis fejleszt\u00e9se \u00e9s termel\u0151 tev\u00e9kenys\u00e9ghez kapcsol\u00f3d\u00f3 \u00fczemcsarnok \u00e9p\u00edt\u00e9se Kedvezm\u00e9nyezett: B\u00e1tonyterenyei Ipari Park Kft. Szerz\u0151d\u00e9s hat\u00e1lyba l\u00e9p\u00e9s\u00e9nek d\u00e1tuma: 2011.09.30 Konstrukci\u00f3 sz\u00e1ma: \u00c9MOP-1.1.1\/G-09 A projekt azonos\u00edt\u00f3 sz\u00e1ma: \u00c9MOP-1.1.1\/G-09-2010-0028 T\u00e1mogat\u00e1s \u00f6sszege: 454 009 450 Ft A projekt elsz\u00e1molhat\u00f3 &hellip; <a href=\"http:\/\/www.bip.eutamogatas.org.hu\/?page_id=7\">Folytat\u00e1s <span class=\"meta-nav\">&rarr;<\/span><\/a><\/p>\n","protected":false},"author":1,"featured_media":0,"parent":0,"menu_order":0,"comment_status":"open","ping_status":"open","template":"","meta":[],"_links":{"self":[{"href":"http:\/\/www.bip.eutamogatas.org.hu\/index.php?rest_route=\/wp\/v2\/pages\/7"}],"collection":[{"href":"http:\/\/www.bip.eutamogatas.org.hu\/index.php?rest_route=\/wp\/v2\/pages"}],"about":[{"href":"http:\/\/www.bip.eutamogatas.org.hu\/index.php?rest_route=\/wp\/v2\/types\/page"}],"author":[{"embeddable":true,"href":"http:\/\/www.bip.eutamogatas.org.hu\/index.php?rest_route=\/wp\/v2\/users\/1"}],"replies":[{"embeddable":true,"href":"http:\/\/www.bip.eutamogatas.org.hu\/index.php?rest_route=%2Fwp%2Fv2%2Fcomments&post=7"}],"version-history":[{"count":2,"href":"http:\/\/www.bip.eutamogatas.org.hu\/index.php?rest_route=\/wp\/v2\/pages\/7\/revisions"}],"predecessor-version":[{"id":14,"href":"http:\/\/www.bip.eutamogatas.org.hu\/index.php?rest_route=\/wp\/v2\/pages\/7\/revisions\/14"}],"wp:attachment":[{"href":"http:\/\/www.bip.eutamogatas.org.hu\/index.php?rest_route=%2Fwp%2Fv2%2Fmedia&parent=7"}],"curies":[{"name":"wp","href":"https:\/\/api.w.org\/{rel}","templated":true}]}}