{"id":6,"date":"2013-06-06T20:51:54","date_gmt":"2013-06-06T20:51:54","guid":{"rendered":"http:\/\/www.bip.eutamogatas.org.hu\/?page_id=6"},"modified":"2013-06-13T12:52:52","modified_gmt":"2013-06-13T12:52:52","slug":"a-beruhazas","status":"publish","type":"page","link":"http:\/\/www.bip.eutamogatas.org.hu\/","title":{"rendered":"A beruh\u00e1z\u00e1s"},"content":{"rendered":"<p style=\"text-align: justify;\">K\u00f6zel 1 milli\u00e1rd forintos beruh\u00e1z\u00e1s keret\u00e9ben \u00faj, minden ig\u00e9nyt kiel\u00e9g\u00edt\u0151 ipari park \u00e9p\u00fcl B\u00e1tonytereny\u00e9n. A fejleszt\u00e9s az\u00e9rt v\u00e1lt sz\u00fcks\u00e9gess\u00e9, mert a v\u00e1rosban jelenleg m\u0171k\u00f6d\u0151 ipari park 100%-os kihaszn\u00e1lts\u00e1ggal m\u0171k\u00f6dik, b\u0151v\u00edt\u00e9s\u00e9re nincs lehet\u0151s\u00e9g.<\/p>\n<p style=\"text-align: justify;\">Az ipari ter\u00fclet B\u00e1tonyterenye belter\u00fclet\u00e9n tal\u00e1lhat\u00f3, megval\u00f3s\u00edt\u00e1s\u00e1r\u00f3l, b\u00e9rbead\u00e1s\u00e1r\u00f3l \u00e9s \u00fczemeltet\u00e9s\u00e9r\u0151l a projektgazda, a B\u00e1tonyterenyei Ipari Park Kft. gondoskodik.<\/p>\n<p style=\"text-align: justify;\">A projekt konkr\u00e9t c\u00e9lja teljes k\u00f6r\u0171 infrastruktur\u00e1lis fejleszt\u00e9s az ipari park eg\u00e9sz ter\u00fclet\u00e9n, tov\u00e1bb\u00e1 egy termel\u0151 tev\u00e9kenys\u00e9ghez kapcsol\u00f3d\u00f3 \u00fczemcsarnok \u00e9p\u00fclet kialak\u00edt\u00e1sa. \u00c1tfog\u00f3 c\u00e9lja a t\u00e9rs\u00e9gben tal\u00e1lhat\u00f3 munkalehet\u0151s\u00e9gek b\u0151v\u00edt\u00e9se, v\u00e1llalkoz\u00e1sok ipari parkba t\u00f6rt\u00e9n\u0151 betelep\u00edt\u00e9s\u00e9vel, melyek k\u00f6z\u00fcl h\u00e1rom m\u00e1r a megval\u00f3sul\u00e1s \u00e9v\u00e9ben megkezdi a m\u0171k\u00f6d\u00e9st.<\/p>\n<p style=\"text-align: justify;\">A projekt eredm\u00e9nyek\u00e9ppen k\u00f6zel 300 \u00faj munkahely j\u00f6n l\u00e9tre a betelep\u00fcl\u0151 v\u00e1llalkoz\u00e1soknak k\u00f6sz\u00f6nhet\u0151en.\u00a0A teljes 11,519 hekt\u00e1ros korszer\u0171 infrastruktur\u00e1val ell\u00e1tott iparter\u00fclet, el\u0151rel\u00e1that\u00f3lag 12 \u00faj v\u00e1llalkoz\u00e1s betelep\u00fcl\u00e9s\u00e9t teszi lehet\u0151v\u00e9, ami megk\u00f6zel\u00edt\u0151leg 5,35 milli\u00e1rd forint nagys\u00e1g\u00fa tov\u00e1bbi beruh\u00e1z\u00e1st induk\u00e1l, amely az eg\u00e9sz kist\u00e9rs\u00e9g \u00e9let\u00e9re hat\u00e1st gyakorolhat.<\/p>\n","protected":false},"excerpt":{"rendered":"<p>K\u00f6zel 1 milli\u00e1rd forintos beruh\u00e1z\u00e1s keret\u00e9ben \u00faj, minden ig\u00e9nyt kiel\u00e9g\u00edt\u0151 ipari park \u00e9p\u00fcl B\u00e1tonytereny\u00e9n. A fejleszt\u00e9s az\u00e9rt v\u00e1lt sz\u00fcks\u00e9gess\u00e9, mert a v\u00e1rosban jelenleg m\u0171k\u00f6d\u0151 ipari park 100%-os kihaszn\u00e1lts\u00e1ggal m\u0171k\u00f6dik, b\u0151v\u00edt\u00e9s\u00e9re nincs lehet\u0151s\u00e9g. Az ipari ter\u00fclet B\u00e1tonyterenye belter\u00fclet\u00e9n tal\u00e1lhat\u00f3, megval\u00f3s\u00edt\u00e1s\u00e1r\u00f3l, b\u00e9rbead\u00e1s\u00e1r\u00f3l &hellip; <a href=\"http:\/\/www.bip.eutamogatas.org.hu\/\">Folytat\u00e1s <span class=\"meta-nav\">&rarr;<\/span><\/a><\/p>\n","protected":false},"author":1,"featured_media":0,"parent":0,"menu_order":0,"comment_status":"open","ping_status":"open","template":"","meta":[],"_links":{"self":[{"href":"http:\/\/www.bip.eutamogatas.org.hu\/index.php?rest_route=\/wp\/v2\/pages\/6"}],"collection":[{"href":"http:\/\/www.bip.eutamogatas.org.hu\/index.php?rest_route=\/wp\/v2\/pages"}],"about":[{"href":"http:\/\/www.bip.eutamogatas.org.hu\/index.php?rest_route=\/wp\/v2\/types\/page"}],"author":[{"embeddable":true,"href":"http:\/\/www.bip.eutamogatas.org.hu\/index.php?rest_route=\/wp\/v2\/users\/1"}],"replies":[{"embeddable":true,"href":"http:\/\/www.bip.eutamogatas.org.hu\/index.php?rest_route=%2Fwp%2Fv2%2Fcomments&post=6"}],"version-history":[{"count":8,"href":"http:\/\/www.bip.eutamogatas.org.hu\/index.php?rest_route=\/wp\/v2\/pages\/6\/revisions"}],"predecessor-version":[{"id":18,"href":"http:\/\/www.bip.eutamogatas.org.hu\/index.php?rest_route=\/wp\/v2\/pages\/6\/revisions\/18"}],"wp:attachment":[{"href":"http:\/\/www.bip.eutamogatas.org.hu\/index.php?rest_route=%2Fwp%2Fv2%2Fmedia&parent=6"}],"curies":[{"name":"wp","href":"https:\/\/api.w.org\/{rel}","templated":true}]}}